{"id":1152,"date":"2024-08-02T19:41:28","date_gmt":"2024-08-02T19:41:28","guid":{"rendered":"https:\/\/alerta.mapbiomas.org\/?page_id=1152"},"modified":"2024-11-12T13:44:27","modified_gmt":"2024-11-12T13:44:27","slug":"manual-da-marca","status":"publish","type":"page","link":"https:\/\/alerta.mapbiomas.org\/en\/manual-da-marca\/","title":{"rendered":"Brand guidelines"},"content":{"rendered":"<p>The brand <strong>MapBiomas<\/strong> \u2013 name, logo, and their variations \u2013 may be used by the general public under the following conditions:<\/p>\n\n\n\n<div class=\"wp-block-media-text alignwide has-media-on-the-right is-stacked-on-mobile\" style=\"grid-template-columns:auto 40%\"><div class=\"wp-block-media-text__content\">\n<ul>\n<li><strong>not to be used <\/strong>for <strong>commercial purposes<\/strong>.<\/li>\n<\/ul>\n\n\n\n<ul>\n<li><strong>not to be used <\/strong>in any manner that suggests <strong>association with, sponsorship by, or endorsement of any product, company\/institution, or political cause&nbsp;<\/strong>unless explicitly authorized by the MapBiomas network on a prior occasion.<\/li>\n<\/ul>\n\n\n\n<ul>\n<li><strong>not to be used <\/strong>combined with <strong>other graphic elements that alter its proportions, composition, colors, background, typography, or vertical\/horizontal layout versions<\/strong>.<\/li>\n<\/ul>\n<\/div><figure class=\"wp-block-media-text__media\"><img decoding=\"async\" loading=\"lazy\" width=\"1024\" height=\"575\" src=\"https:\/\/alerta.mapbiomas.org\/wp-content\/uploads\/sites\/17\/2024\/11\/logo-manual-marca-1024x575.png\" alt=\"\" class=\"wp-image-1222 size-full\" srcset=\"https:\/\/alerta.mapbiomas.org\/wp-content\/uploads\/sites\/17\/2024\/11\/logo-manual-marca-1024x575.png 1024w, https:\/\/alerta.mapbiomas.org\/wp-content\/uploads\/sites\/17\/2024\/11\/logo-manual-marca-300x168.png 300w, https:\/\/alerta.mapbiomas.org\/wp-content\/uploads\/sites\/17\/2024\/11\/logo-manual-marca-768x431.png 768w, https:\/\/alerta.mapbiomas.org\/wp-content\/uploads\/sites\/17\/2024\/11\/logo-manual-marca-18x10.png 18w, https:\/\/alerta.mapbiomas.org\/wp-content\/uploads\/sites\/17\/2024\/11\/logo-manual-marca-970x545.png 970w, https:\/\/alerta.mapbiomas.org\/wp-content\/uploads\/sites\/17\/2024\/11\/logo-manual-marca.png 1276w\" sizes=\"(max-width: 1024px) 100vw, 1024px\" \/><\/figure><\/div>\n\n\n\n<p>Access the\u00a0<a rel=\"noreferrer noopener\" href=\"https:\/\/brasil.mapbiomas.org\/wp-content\/uploads\/sites\/4\/2024\/10\/manual-de-marca_MapBiomas_PT_versao-site_16.10.24.pdf\" target=\"_blank\">complete Brand Guidelines<\/a>\u00a0to learn all the rules for the use of colors, proportions, typography, and related information.<\/p>\n\n\n\n<p>Download the MapBiomas logo here in [format]: <a rel=\"noreferrer noopener\" href=\"https:\/\/brasil.mapbiomas.org\/wp-content\/uploads\/sites\/4\/2024\/10\/Logo-MapBiomas-Geral.png\" target=\"_blank\">PNG<\/a> ou <a rel=\"noreferrer noopener\" href=\"https:\/\/brasil.mapbiomas.org\/wp-content\/uploads\/sites\/4\/2024\/10\/logo_Mapbiomas_intitucional_vertical.svg\" target=\"_blank\">SVG<\/a>.<\/p>","protected":false},"excerpt":{"rendered":"<p>A marca MapBiomas &#8211; nome, logo e suas varia\u00e7\u00f5es &#8211; pode ser usada pelo p\u00fablico geral observando as seguintes condi\u00e7\u00f5es: Acesse o\u00a0manual completo da marca\u00a0para conhecer todas as regras de uso de cores, propor\u00e7\u00f5es, tipografias e afins. Baixe aqui o logo do MapBiomas no formato PNG ou SVG.<\/p>","protected":false},"author":2,"featured_media":0,"parent":0,"menu_order":0,"comment_status":"closed","ping_status":"closed","template":"","meta":{"_uag_custom_page_level_css":""},"acf":[],"uagb_featured_image_src":{"full":false,"thumbnail":false,"medium":false,"medium_large":false,"large":false,"1536x1536":false,"2048x2048":false,"trp-custom-language-flag":false,"infographic":false,"team":false},"uagb_author_info":{"display_name":"Adriel Fernandes","author_link":"https:\/\/alerta.mapbiomas.org\/en\/author\/adriel-fernandes\/"},"uagb_comment_info":0,"uagb_excerpt":"A marca MapBiomas &#8211; nome, logo e suas varia\u00e7\u00f5es &#8211; pode ser usada pelo p\u00fablico geral observando as seguintes condi\u00e7\u00f5es: Acesse o\u00a0manual completo da marca\u00a0para conhecer todas as regras de uso de cores, propor\u00e7\u00f5es, tipografias e afins. Baixe aqui o logo do MapBiomas no formato PNG ou SVG.","_links":{"self":[{"href":"https:\/\/alerta.mapbiomas.org\/en\/wp-json\/wp\/v2\/pages\/1152"}],"collection":[{"href":"https:\/\/alerta.mapbiomas.org\/en\/wp-json\/wp\/v2\/pages"}],"about":[{"href":"https:\/\/alerta.mapbiomas.org\/en\/wp-json\/wp\/v2\/types\/page"}],"author":[{"embeddable":true,"href":"https:\/\/alerta.mapbiomas.org\/en\/wp-json\/wp\/v2\/users\/2"}],"replies":[{"embeddable":true,"href":"https:\/\/alerta.mapbiomas.org\/en\/wp-json\/wp\/v2\/comments?post=1152"}],"version-history":[{"count":4,"href":"https:\/\/alerta.mapbiomas.org\/en\/wp-json\/wp\/v2\/pages\/1152\/revisions"}],"predecessor-version":[{"id":1223,"href":"https:\/\/alerta.mapbiomas.org\/en\/wp-json\/wp\/v2\/pages\/1152\/revisions\/1223"}],"wp:attachment":[{"href":"https:\/\/alerta.mapbiomas.org\/en\/wp-json\/wp\/v2\/media?parent=1152"}],"curies":[{"name":"wp","href":"https:\/\/api.w.org\/{rel}","templated":true}]}}