{"id":1369,"date":"2025-05-15T06:01:28","date_gmt":"2025-05-15T06:01:28","guid":{"rendered":"https:\/\/alerta.mapbiomas.org\/?page_id=1369"},"modified":"2025-05-30T17:22:02","modified_gmt":"2025-05-30T17:22:02","slug":"pergunte-ao-mapbiomas-ai","status":"publish","type":"page","link":"https:\/\/alerta.mapbiomas.org\/en\/rad-2024\/pergunte-ao-mapbiomas-ai\/","title":{"rendered":"Ask MapBiomas AI"},"content":{"rendered":"<div class=\"alert alert-warning\" style=\"background-color: #fff7e6; border: 1px solid #ffd591; color: #d46b08;\" role=\"alert\"><b>ATTENTION!!<\/b> The Artificial Intelligence was trained to retrieve information from the report and indicate corresponding page numbers in its responses. Users must verify all information directly in the report before use to prevent misinterpretation. Should you identify any inconsistencies in the tool or have questions about the report, please contact us at: [email] <a href=\"mailto:suporte.alerta@mapbiomas.org\" style=\"color: #862116;\">suporte.alerta@mapbiomas.org<\/a>.<\/div>\n\n<iframe loading=\"lazy\" src=\"https:\/\/staging.ia.mapbiomas.org\/iframe-rad-2024\" width=\"100%\" height=\"560\" style=\"border: 1px solid #ddd; border-radius: 10px;\"><\/iframe>","protected":false},"excerpt":{"rendered":"<p>ATEN\u00c7\u00c3O!! A Intelig\u00eancia Artificial foi treinada para buscar informa\u00e7\u00f5es no relat\u00f3rio e indicar a p\u00e1gina correspondente em suas respostas. \u00c9 essencial que os usu\u00e1rios verifiquem tais informa\u00e7\u00f5es diretamente no relat\u00f3rio antes de utiliz\u00e1-las, a fim de evitar erros de interpreta\u00e7\u00e3o. Caso identifique alguma inconsist\u00eancia na ferramenta ou tenha d\u00favidas sobre o relat\u00f3rio, entre em contato [&hellip;]<\/p>","protected":false},"author":3,"featured_media":1371,"parent":1366,"menu_order":0,"comment_status":"closed","ping_status":"closed","template":"page_rad2024.php","meta":{"_uag_custom_page_level_css":""},"acf":[],"uagb_featured_image_src":{"full":["https:\/\/alerta.mapbiomas.org\/wp-content\/uploads\/sites\/17\/2025\/05\/capa-RAD2024-scaled.jpg",2560,1440,false],"thumbnail":["https:\/\/alerta.mapbiomas.org\/wp-content\/uploads\/sites\/17\/2025\/05\/capa-RAD2024-400x300.jpg",400,300,true],"medium":["https:\/\/alerta.mapbiomas.org\/wp-content\/uploads\/sites\/17\/2025\/05\/capa-RAD2024-300x169.jpg",300,169,true],"medium_large":["https:\/\/alerta.mapbiomas.org\/wp-content\/uploads\/sites\/17\/2025\/05\/capa-RAD2024-768x432.jpg",768,432,true],"large":["https:\/\/alerta.mapbiomas.org\/wp-content\/uploads\/sites\/17\/2025\/05\/capa-RAD2024-1024x576.jpg",1024,576,true],"1536x1536":["https:\/\/alerta.mapbiomas.org\/wp-content\/uploads\/sites\/17\/2025\/05\/capa-RAD2024-1536x864.jpg",1536,864,true],"2048x2048":["https:\/\/alerta.mapbiomas.org\/wp-content\/uploads\/sites\/17\/2025\/05\/capa-RAD2024-2048x1152.jpg",2048,1152,true],"trp-custom-language-flag":["https:\/\/alerta.mapbiomas.org\/wp-content\/uploads\/sites\/17\/2025\/05\/capa-RAD2024-18x10.jpg",18,10,true],"infographic":["https:\/\/alerta.mapbiomas.org\/wp-content\/uploads\/sites\/17\/2025\/05\/capa-RAD2024-970x545.jpg",970,545,true],"team":["https:\/\/alerta.mapbiomas.org\/wp-content\/uploads\/sites\/17\/2025\/05\/capa-RAD2024-370x370.jpg",370,370,true]},"uagb_author_info":{"display_name":"Rafael Coelho","author_link":"https:\/\/alerta.mapbiomas.org\/en\/author\/rafael-coelho\/"},"uagb_comment_info":0,"uagb_excerpt":"ATEN\u00c7\u00c3O!! A Intelig\u00eancia Artificial foi treinada para buscar informa\u00e7\u00f5es no relat\u00f3rio e indicar a p\u00e1gina correspondente em suas respostas. \u00c9 essencial que os usu\u00e1rios verifiquem tais informa\u00e7\u00f5es diretamente no relat\u00f3rio antes de utiliz\u00e1-las, a fim de evitar erros de interpreta\u00e7\u00e3o. Caso identifique alguma inconsist\u00eancia na ferramenta ou tenha d\u00favidas sobre o relat\u00f3rio, entre em contato&hellip;","_links":{"self":[{"href":"https:\/\/alerta.mapbiomas.org\/en\/wp-json\/wp\/v2\/pages\/1369"}],"collection":[{"href":"https:\/\/alerta.mapbiomas.org\/en\/wp-json\/wp\/v2\/pages"}],"about":[{"href":"https:\/\/alerta.mapbiomas.org\/en\/wp-json\/wp\/v2\/types\/page"}],"author":[{"embeddable":true,"href":"https:\/\/alerta.mapbiomas.org\/en\/wp-json\/wp\/v2\/users\/3"}],"replies":[{"embeddable":true,"href":"https:\/\/alerta.mapbiomas.org\/en\/wp-json\/wp\/v2\/comments?post=1369"}],"version-history":[{"count":10,"href":"https:\/\/alerta.mapbiomas.org\/en\/wp-json\/wp\/v2\/pages\/1369\/revisions"}],"predecessor-version":[{"id":1458,"href":"https:\/\/alerta.mapbiomas.org\/en\/wp-json\/wp\/v2\/pages\/1369\/revisions\/1458"}],"up":[{"embeddable":true,"href":"https:\/\/alerta.mapbiomas.org\/en\/wp-json\/wp\/v2\/pages\/1366"}],"wp:featuredmedia":[{"embeddable":true,"href":"https:\/\/alerta.mapbiomas.org\/en\/wp-json\/wp\/v2\/media\/1371"}],"wp:attachment":[{"href":"https:\/\/alerta.mapbiomas.org\/en\/wp-json\/wp\/v2\/media?parent=1369"}],"curies":[{"name":"wp","href":"https:\/\/api.w.org\/{rel}","templated":true}]}}