{"id":151,"date":"2024-03-12T19:20:33","date_gmt":"2024-03-12T19:20:33","guid":{"rendered":"https:\/\/staging-alerta.mapbiomas.org\/?page_id=151"},"modified":"2025-05-27T15:12:08","modified_gmt":"2025-05-27T15:12:08","slug":"quem-somos","status":"publish","type":"page","link":"https:\/\/alerta.mapbiomas.org\/en\/quem-somos\/","title":{"rendered":"Who we are"},"content":{"rendered":"<p>The <strong>MapBiomas<\/strong> is a <strong>collaborative network of co-creators<\/strong> comprising NGOs, universities, and tech companies organized by biome and cross-cutting themes. To view all partners, visit: <a href=\"https:\/\/mapbiomas.org\/\">http:\/\/mapbiomas.org<\/a><\/p>\n\n\n\n<p>MapBiomas Alert is conducted by the following institutions:<\/p>\n\n\n\n<p class=\"has-medium-font-size\"><strong>BIOME COORDINATION<\/strong><\/p>\n\n\n\n<ul>\n<li>Amazon - Amazon Institute of People and the Environment (IMAZON) in partnership with Federal University of Goias (LAPIG\/UFG)<\/li>\n\n\n\n<li>Caatinga - Feira de Santana State University (UEFS), in partnership with Geodatin.<\/li>\n\n\n\n<li>Cerrado - Amazon Environmental Research Institute (IPAM)<\/li>\n\n\n\n<li>Atlantic Forest - SOS Atlantic Forest Foundation and ArcPlan<\/li>\n\n\n\n<li>Pampa - Federal University of Rio Grande do Sul (UFRGS) and GeoKarten<\/li>\n\n\n\n<li>Pantanal - SOS Pantanal Institute and ArcPlan<\/li>\n<\/ul>\n\n\n\n<p class=\"has-medium-font-size\"><strong>TECH PARTNERS &amp; SYSTEMS PROVIDERS<\/strong><\/p>\n\n\n\n<ul>\n<li>Google<\/li>\n\n\n\n<li>EcoStage<\/li>\n\n\n\n<li>Solved<\/li>\n\n\n\n<li>LAPIG\/UFG<\/li>\n<\/ul>\n\n\n\n<p class=\"has-medium-font-size\"><strong>INSTITUTIONAL PARTNERS<\/strong><\/p>\n\n\n\n<ul>\n<li>Institute to Support MapBiomas (IAMap)<\/li>\n\n\n\n<li>Arapya\u00fa Institute<\/li>\n\n\n\n<li>The Nature Conservancy (TNC)<\/li>\n\n\n\n<li>Democracy and Sustainability Institute (IDS)<\/li>\n\n\n\n<li>Avina Foundation<\/li>\n<\/ul>\n\n\n\n<p><strong>Main Coordination<\/strong> Tasso Azevedo<\/p>\n\n\n\n<p><strong>Technical Coordination:<\/strong> Marcos Rosa<\/p>\n\n\n\n<p><strong>Scientific Coordination:<\/strong> Julia Shimbo<\/p>\n\n\n\n<p class=\"has-medium-font-size\"><strong>TECHNICAL PARTNERS<\/strong><\/p>\n\n\n\n<ul>\n<li>Institute of Life Center (ICV)<\/li>\n\n\n\n<li>Instituto de Energia e Meio Ambiente (IEMA)<\/li>\n\n\n\n<li>The Nature Conservancy (TNC)<\/li>\n\n\n\n<li>Democracy and Sustainability Institute (IDS)<\/li>\n\n\n\n<li>Ecode<\/li>\n\n\n\n<li>Socio-environmental Institute (ISA)<\/li>\n\n\n\n<li>Institute for Forest and Agricultural Management and Certification (IMAFLORA)<\/li>\n\n\n\n<li>Brasil.IO<\/li>\n\n\n\n<li>WWF Brasil<\/li>\n\n\n\n<li>Climate Policy Initiative<\/li>\n\n\n\n<li>ICLEI &#8211;  Am\u00e9rica do Sul<br><\/li>\n<\/ul>\n\n\n\n<p class=\"has-medium-font-size\"><strong>FUNDING<\/strong>:<\/p>\n\n\n\n<p>History of funders who have supported the MapBiomas Project in one or more years since 2015.<\/p>\n\n\n\n<ul>\n<li>Skoll Foundation \/ 2021 \u2013 Current<\/li>\n\n\n\n<li>Woods &amp; Wayside International (WWI) \/ 2023 \u2013 Current<\/li>\n\n\n\n<li>Amazon Fund&nbsp;<a rel=\"noreferrer noopener\" href=\"https:\/\/www.amazonfund.gov.br\/en\/projeto\/MapBiomas\/\" target=\"_blank\">[+info]<\/a>&nbsp;\/ 2023 \u2013 Current<\/li>\n\n\n\n<li>Mulago Foundation \/ 2023 \u2013 Current<\/li>\n\n\n\n<li>Climate and Land Use Alliance (CLUA) \/ 2024 \u2013 Current<\/li>\n\n\n\n<li>Instituto Alana \/ 2024 \u2013 Current<\/li>\n\n\n\n<li>Yield Giving \/ 2024 \u2013 Current<\/li>\n\n\n\n<li>Ballmer Group \/ 2024 \u2013 Current<\/li>\n\n\n\n<li>Valhalla Foundation \/ 2024 \u2013 Current<\/li>\n\n\n\n<li>Sea Grape Foundation \/ 2024 \u2013 Current<\/li>\n\n\n\n<li>Waverley Street Foundation \/ 2024 \u2013 Current<\/li>\n\n\n\n<li>The Overbrook Foundation \/ 2024 \u2013 Current<\/li>\n\n\n\n<li>The Patchwork Collective \/ 2024 \u2013 Current<\/li>\n\n\n\n<li>Instituto Beja \/ 2025 \u2013 Current<\/li>\n\n\n\n<li>Centro Internacional de Agricultura Tropical (CIAT) \/ 2025 \u2013 Current<\/li>\n\n\n\n<li>Instituto Umbuzeiro \/ 2025 \u2013 Current<\/li>\n\n\n\n<li>Iniciativa Internacional de Clima e Florestas da Noruega (NICFI) \/ 2020 \u2013 2024<\/li>\n\n\n\n<li>Instituto Clima e Sociedade (ICS) \/ 2022 \u2013 2024<\/li>\n\n\n\n<li>Quadrature Climate Foundation (QCF) \/ 2022 \u2013 2024<\/li>\n\n\n\n<li>Montpelier Foundation \/ 2023 \u2013 2024<\/li>\n\n\n\n<li>Walmart Foundation (USA) \/ 2023 \u2013 2024<\/li>\n\n\n\n<li>Sequoia Climate Foundation \/ 2023 \u2013 2024<\/li>\n\n\n\n<li>Good Energies Foundation \/ 2020 \u2013 2023<\/li>\n\n\n\n<li>Gordon &amp; Betty Moore Foundation \/ 2020 \u2013 2023<\/li>\n\n\n\n<li>Global Wildlife Conservation (GWC) \/ 2019 \u2013 2022<\/li>\n\n\n\n<li>Wellspring Philanthropic Fund \/ 2019 \u2013 2022<\/li>\n\n\n\n<li>OAK Foundation \/ 2019 \u2013 2021<\/li>\n\n\n\n<li>Instituto Humanize \/ 2018 \u2013 2020<\/li>\n\n\n\n<li>Instituto Arapya\u00fa \/ 2018 \u2013 2019<\/li>\n\n\n\n<li>Children\u2019s Investment Fund Foundation (CIFF) \/ 2018 \u2013 2019<\/li>\n\n\n\n<li>Funda\u00e7\u00e3o SOS Mata Atl\u00e2ntica \/ 2019<\/li>\n<\/ul>\n\n\n\n<p class=\"has-medium-font-size\"><strong>SUPPORTING USERS<\/strong>:<\/p>\n\n\n\n<p>MapBiomas users who contribute to platform funding. <\/p>\n\n\n\n<ul>\n<li>Carrefour<\/li>\n\n\n\n<li>Marfrig<\/li>\n\n\n\n<li>JBS<\/li>\n<\/ul>\n\n\n\n<p>Access <a href=\"http:\/\/alerta.mapbiomas.org\/en\/team\/\">http:\/\/alerta.mapbiomas.org\/team<\/a> to get to know the peoople who make MapBiomas Alert happen.<\/p>","protected":false},"excerpt":{"rendered":"<p>O MapBiomas \u00e9 uma rede colaborativa de co-criadores formado por ONGs, universidades e empresas de tecnologia organizados por biomas e temas transversais. Para conhecer todos os parceiros acesse: http:\/\/mapbiomas.org O MapBiomas Alerta \u00e9 conduzido pelas seguintes institui\u00e7\u00f5es: COORDENA\u00c7\u00c3O NOS BIOMAS: PARCEIROS DE TECNOLOGIA E SISTEMAS: PARCEIROS INSTITUCIONAIS: Coordena\u00e7\u00e3o Geral: Tasso Azevedo Coordena\u00e7\u00e3o T\u00e9cnica: Marcos Rosa [&hellip;]<\/p>","protected":false},"author":2,"featured_media":0,"parent":0,"menu_order":0,"comment_status":"closed","ping_status":"closed","template":"","meta":{"_uag_custom_page_level_css":""},"acf":[],"uagb_featured_image_src":{"full":false,"thumbnail":false,"medium":false,"medium_large":false,"large":false,"1536x1536":false,"2048x2048":false,"trp-custom-language-flag":false,"infographic":false,"team":false},"uagb_author_info":{"display_name":"Adriel Fernandes","author_link":"https:\/\/alerta.mapbiomas.org\/en\/author\/adriel-fernandes\/"},"uagb_comment_info":0,"uagb_excerpt":"O MapBiomas \u00e9 uma rede colaborativa de co-criadores formado por ONGs, universidades e empresas de tecnologia organizados por biomas e temas transversais. Para conhecer todos os parceiros acesse: http:\/\/mapbiomas.org O MapBiomas Alerta \u00e9 conduzido pelas seguintes institui\u00e7\u00f5es: COORDENA\u00c7\u00c3O NOS BIOMAS: PARCEIROS DE TECNOLOGIA E SISTEMAS: PARCEIROS INSTITUCIONAIS: Coordena\u00e7\u00e3o Geral: Tasso Azevedo Coordena\u00e7\u00e3o T\u00e9cnica: Marcos Rosa&hellip;","_links":{"self":[{"href":"https:\/\/alerta.mapbiomas.org\/en\/wp-json\/wp\/v2\/pages\/151"}],"collection":[{"href":"https:\/\/alerta.mapbiomas.org\/en\/wp-json\/wp\/v2\/pages"}],"about":[{"href":"https:\/\/alerta.mapbiomas.org\/en\/wp-json\/wp\/v2\/types\/page"}],"author":[{"embeddable":true,"href":"https:\/\/alerta.mapbiomas.org\/en\/wp-json\/wp\/v2\/users\/2"}],"replies":[{"embeddable":true,"href":"https:\/\/alerta.mapbiomas.org\/en\/wp-json\/wp\/v2\/comments?post=151"}],"version-history":[{"count":19,"href":"https:\/\/alerta.mapbiomas.org\/en\/wp-json\/wp\/v2\/pages\/151\/revisions"}],"predecessor-version":[{"id":1452,"href":"https:\/\/alerta.mapbiomas.org\/en\/wp-json\/wp\/v2\/pages\/151\/revisions\/1452"}],"wp:attachment":[{"href":"https:\/\/alerta.mapbiomas.org\/en\/wp-json\/wp\/v2\/media?parent=151"}],"curies":[{"name":"wp","href":"https:\/\/api.w.org\/{rel}","templated":true}]}}