{"id":157,"date":"2024-03-12T19:21:04","date_gmt":"2024-03-12T19:21:04","guid":{"rendered":"https:\/\/staging-alerta.mapbiomas.org\/?page_id=157"},"modified":"2024-11-06T18:57:09","modified_gmt":"2024-11-06T18:57:09","slug":"termos-de-uso","status":"publish","type":"page","link":"https:\/\/alerta.mapbiomas.org\/en\/termos-de-uso\/","title":{"rendered":"Terms of use"},"content":{"rendered":"<div class=\"wp-block-media-text alignwide has-media-on-the-right is-stacked-on-mobile\" style=\"grid-template-columns:auto 23%\"><div class=\"wp-block-media-text__content\">\n<p><\/p>\n\n\n\n<p style=\"font-size:14px\">MapBiomas data is public, open, and free to use under a Creative Commons license <a rel=\"noreferrer noopener\" href=\"https:\/\/creativecommons.org\/licenses\/by\/4.0\/\" target=\"_blank\">CC-BY<\/a> with proper source attribution using the following format:<\/p>\n\n\n\n<p><\/p>\n<\/div><figure class=\"wp-block-media-text__media\"><img decoding=\"async\" src=\"https:\/\/colombia.mapbiomas.org\/wp-content\/uploads\/sites\/3\/2024\/11\/CC-BY.png\" alt=\"\" class=\"wp-image-1107 size-full\" \/><\/figure><\/div>\n\n\n\n<figure class=\"wp-block-image\"><img alt=\"\" \/><\/figure>\n\n\n\n<p>MapBiomas Alerta \u2013 High-Resolution Deforestation Alert Validation and Refinement System. Accessed on\u00a0<strong>[date]\u00a0<\/strong>via\u00a0<strong>[LINK]<\/strong>&#8220;<\/p>\n\n\n\n<p>Additionally, <a rel=\"noreferrer noopener\" href=\"https:\/\/brasil.mapbiomas.org\/artigos-mapbiomas\/\" target=\"_blank\">MapBiomas Scientific Articles<\/a> are available for citation.<\/p>","protected":false},"excerpt":{"rendered":"<p>Os dados do MapBiomas s\u00e3o p\u00fablicos, abertos e gratuitos sob licen\u00e7a Creative Commons CC-BY e mediantea refer\u00eancia da fonte observando o formato abaixo: &#8220;MapBiomas Alerta \u2013 Sistema de Valida\u00e7\u00e3o e Refinamento de Alertas de Desmatamento com Imagens de Alta Resolu\u00e7\u00e3o: acessado em\u00a0[data]\u00a0atrav\u00e9s do link:\u00a0[LINK]&#8220; Adicionalmente, h\u00e1 Artigos Cient\u00edficos do MapBiomas que podem ser utilizados para [&hellip;]<\/p>","protected":false},"author":2,"featured_media":0,"parent":0,"menu_order":0,"comment_status":"closed","ping_status":"closed","template":"","meta":{"_uag_custom_page_level_css":""},"acf":[],"uagb_featured_image_src":{"full":false,"thumbnail":false,"medium":false,"medium_large":false,"large":false,"1536x1536":false,"2048x2048":false,"trp-custom-language-flag":false,"infographic":false,"team":false},"uagb_author_info":{"display_name":"Adriel Fernandes","author_link":"https:\/\/alerta.mapbiomas.org\/en\/author\/adriel-fernandes\/"},"uagb_comment_info":0,"uagb_excerpt":"Os dados do MapBiomas s\u00e3o p\u00fablicos, abertos e gratuitos sob licen\u00e7a Creative Commons CC-BY e mediantea refer\u00eancia da fonte observando o formato abaixo: &#8220;MapBiomas Alerta \u2013 Sistema de Valida\u00e7\u00e3o e Refinamento de Alertas de Desmatamento com Imagens de Alta Resolu\u00e7\u00e3o: acessado em\u00a0[data]\u00a0atrav\u00e9s do link:\u00a0[LINK]&#8220; Adicionalmente, h\u00e1 Artigos Cient\u00edficos do MapBiomas que podem ser utilizados para&hellip;","_links":{"self":[{"href":"https:\/\/alerta.mapbiomas.org\/en\/wp-json\/wp\/v2\/pages\/157"}],"collection":[{"href":"https:\/\/alerta.mapbiomas.org\/en\/wp-json\/wp\/v2\/pages"}],"about":[{"href":"https:\/\/alerta.mapbiomas.org\/en\/wp-json\/wp\/v2\/types\/page"}],"author":[{"embeddable":true,"href":"https:\/\/alerta.mapbiomas.org\/en\/wp-json\/wp\/v2\/users\/2"}],"replies":[{"embeddable":true,"href":"https:\/\/alerta.mapbiomas.org\/en\/wp-json\/wp\/v2\/comments?post=157"}],"version-history":[{"count":6,"href":"https:\/\/alerta.mapbiomas.org\/en\/wp-json\/wp\/v2\/pages\/157\/revisions"}],"predecessor-version":[{"id":1220,"href":"https:\/\/alerta.mapbiomas.org\/en\/wp-json\/wp\/v2\/pages\/157\/revisions\/1220"}],"wp:attachment":[{"href":"https:\/\/alerta.mapbiomas.org\/en\/wp-json\/wp\/v2\/media?parent=157"}],"curies":[{"name":"wp","href":"https:\/\/api.w.org\/{rel}","templated":true}]}}