{"id":172,"date":"2024-03-12T19:24:13","date_gmt":"2024-03-12T19:24:13","guid":{"rendered":"https:\/\/staging-alerta.mapbiomas.org\/?page_id=172"},"modified":"2025-07-29T11:43:12","modified_gmt":"2025-07-29T11:43:12","slug":"tutoriais","status":"publish","type":"page","link":"https:\/\/alerta.mapbiomas.org\/en\/tutoriais\/","title":{"rendered":"Tutorials"},"content":{"rendered":"<div class=\"wp-block-uagb-tabs uagb-block-7ae5350f uagb-tabs__wrap uagb-tabs__hstyle2-desktop uagb-tabs__vstyle6-tablet uagb-tabs__stack1-mobile alert-theme\" data-tab-active=\"0\"><ul class=\"uagb-tabs__panel uagb-tabs__align-center\" role=\"tablist\"><li class=\"uagb-tab uagb-tabs__active\" role=\"none\"><a href=\"#uagb-tabs__tab0\" class=\"uagb-tabs-list uagb-tabs__icon-position-left\" data-tab=\"0\" role=\"tab\"><div><em>Tutorial Videos<\/em><\/div><\/a><\/li><li class=\"uagb-tab\" role=\"none\"><a href=\"#uagb-tabs__tab1\" class=\"uagb-tabs-list uagb-tabs__icon-position-left\" data-tab=\"1\" role=\"tab\"><div><em>PDF<\/em><\/div><\/a><\/li><\/ul><div class=\"uagb-tabs__body-wrap\">\n<div class=\"wp-block-uagb-tabs-child uagb-tabs__body-container uagb-inner-tab-0 alert-theme\" aria-labelledby=\"uagb-tabs__tab0\">\n<div class=\"wp-block-uagb-container uagb-block-04fbc777 alignfull uagb-is-root-container\"><div class=\"uagb-container-inner-blocks-wrap\">\n<div class=\"wp-block-uagb-container uagb-block-3ce28814\">\n<div class=\"wp-block-uagb-info-box uagb-block-6098e1e9 uagb-infobox__content-wrap  uagb-infobox-icon-left uagb-infobox-left uagb-infobox-stacked-tablet uagb-infobox-image-valign-middle\"><div class=\"uagb-ifb-image-content\"><img decoding=\"async\" src=\"http:\/\/alerta.mapbiomas.org\/wp-content\/uploads\/sites\/17\/2024\/03\/IMG_Artigos__1_.png\" alt=\"\" width=\"\" height=\"0\" loading=\"lazy\"\/><\/div><div class=\"uagb-ifb-content\"><div class=\"uagb-ifb-title-wrap\"><h3 class=\"uagb-ifb-title\">MapBiomas Alerta &#8211; Acessando a Plataforma<\/h3><\/div><p class=\"uagb-ifb-desc\">Aprenda a navegar, baixar os dados e conhe\u00e7a as funcionalidades da plataforma MapBiomas Alerta.<\/p><\/div><\/div>\n<\/div>\n<\/div><a class=\"spectra-container-link-overlay\" rel=\"noopener\" href=\"https:\/\/www.youtube.com\/watch?v=OKBP1PzpaQ0&amp;t=4s\"> <\/a><\/div>\n\n\n\n<div class=\"wp-block-uagb-container uagb-block-47c36339 alignfull uagb-is-root-container\"><div class=\"uagb-container-inner-blocks-wrap\">\n<div class=\"wp-block-uagb-container uagb-block-c7be06ae\">\n<div class=\"wp-block-uagb-info-box uagb-block-9474dd1c uagb-infobox__content-wrap  uagb-infobox-icon-left uagb-infobox-left uagb-infobox-stacked-tablet uagb-infobox-image-valign-middle\"><div class=\"uagb-ifb-image-content\"><img decoding=\"async\" src=\"http:\/\/alerta.mapbiomas.org\/wp-content\/uploads\/sites\/17\/2024\/03\/Tutorial_Consultando_Alerta_especifico-e1710853500926.png\" alt=\"\" width=\"\" height=\"0\" loading=\"lazy\"\/><\/div><div class=\"uagb-ifb-content\"><div class=\"uagb-ifb-title-wrap\"><h3 class=\"uagb-ifb-title\">Consultando um alerta espec\u00edfico na plataforma MapBiomas Alerta<\/h3><\/div><p class=\"uagb-ifb-desc\">Aprenda a consultar alertas espec\u00edficos na plataforma.<\/p><\/div><\/div>\n<\/div>\n<\/div><a class=\"spectra-container-link-overlay\" rel=\"noopener\" href=\"https:\/\/www.youtube.com\/embed\/A3kxAK69cKU\"> <\/a><\/div>\n\n\n\n<div class=\"wp-block-uagb-container uagb-block-a409d9b3 alignfull uagb-is-root-container\"><div class=\"uagb-container-inner-blocks-wrap\">\n<div class=\"wp-block-uagb-container uagb-block-21b6594e\">\n<div class=\"wp-block-uagb-info-box uagb-block-033912c6 uagb-infobox__content-wrap  uagb-infobox-icon-left uagb-infobox-left uagb-infobox-stacked-tablet uagb-infobox-image-valign-middle\"><div class=\"uagb-ifb-image-content\"><img decoding=\"async\" src=\"http:\/\/alerta.mapbiomas.org\/wp-content\/uploads\/sites\/17\/2024\/03\/Filtro_Simples_Tutorial-e1710853540423.png\" alt=\"\" width=\"\" height=\"0\" loading=\"lazy\"\/><\/div><div class=\"uagb-ifb-content\"><div class=\"uagb-ifb-title-wrap\"><h3 class=\"uagb-ifb-title\">Utilizando o filtro simples da plataforma MapBiomas Alerta<\/h3><\/div><p class=\"uagb-ifb-desc\">Aprenda a utilizar o filtro simples da plataforma<\/p><\/div><\/div>\n<\/div>\n<\/div><a class=\"spectra-container-link-overlay\" rel=\"noopener\" href=\"https:\/\/www.youtube.com\/embed\/Mj2iVkmDEQw\"> <\/a><\/div>\n\n\n\n<div class=\"wp-block-uagb-container uagb-block-ab90f05a alignfull uagb-is-root-container\"><div class=\"uagb-container-inner-blocks-wrap\">\n<div class=\"wp-block-uagb-container uagb-block-78cdfa14\">\n<div class=\"wp-block-uagb-info-box uagb-block-a379c3f6 uagb-infobox__content-wrap  uagb-infobox-icon-left uagb-infobox-left uagb-infobox-stacked-tablet uagb-infobox-image-valign-middle\"><div class=\"uagb-ifb-image-content\"><img decoding=\"async\" src=\"http:\/\/alerta.mapbiomas.org\/wp-content\/uploads\/sites\/17\/2024\/03\/Reporte_Autorizacao_Supressao_Tutorial-e1710853527448.png\" alt=\"\" width=\"\" height=\"0\" loading=\"lazy\"\/><\/div><div class=\"uagb-ifb-content\"><div class=\"uagb-ifb-title-wrap\"><h3 class=\"uagb-ifb-title\"><br>Reporte de autoriza\u00e7\u00e3o para supress\u00e3o de vegeta\u00e7\u00e3o na plataforma<\/h3><\/div><p class=\"uagb-ifb-desc\">Aprenda a fazer o reporte de autoriza\u00e7\u00e3o para supress\u00e3o de vegeta\u00e7\u00e3o na plataforma do MapBiomas Alerta<\/p><\/div><\/div>\n<\/div>\n<\/div><a class=\"spectra-container-link-overlay\" rel=\"noopener\" href=\"https:\/\/www.youtube.com\/embed\/t5H48Ck8saU\"> <\/a><\/div>\n\n\n\n<div class=\"wp-block-uagb-container uagb-block-2990aa10 alignfull uagb-is-root-container\"><div class=\"uagb-container-inner-blocks-wrap\">\n<div class=\"wp-block-uagb-container uagb-block-829bffd7\">\n<div class=\"wp-block-uagb-info-box uagb-block-48b3b1ea uagb-infobox__content-wrap  uagb-infobox-icon-left uagb-infobox-left uagb-infobox-stacked-tablet uagb-infobox-image-valign-middle\"><div class=\"uagb-ifb-image-content\"><img decoding=\"async\" src=\"http:\/\/alerta.mapbiomas.org\/wp-content\/uploads\/sites\/17\/2024\/03\/SHP_e_CSV_Tutorial-e1710853512154.png\" alt=\"\" width=\"\" height=\"0\" loading=\"lazy\"\/><\/div><div class=\"uagb-ifb-content\"><div class=\"uagb-ifb-title-wrap\"><h3 class=\"uagb-ifb-title\">Como baixar arquivos SHP e CSV dos Alertas<\/h3><\/div><p class=\"uagb-ifb-desc\">Aprenda a baixar arquivos SHP e CSV dos alertas na plataforma.<\/p><\/div><\/div>\n<\/div>\n<\/div><a class=\"spectra-container-link-overlay\" rel=\"noopener\" href=\"https:\/\/www.youtube.com\/embed\/GZ0m2IiuD4c\"> <\/a><\/div>\n\n\n\n<div class=\"wp-block-uagb-container uagb-block-febab160 alignfull uagb-is-root-container\"><div class=\"uagb-container-inner-blocks-wrap\">\n<div class=\"wp-block-uagb-container uagb-block-0ead9286\">\n<div class=\"wp-block-uagb-info-box uagb-block-5a4209bf uagb-infobox__content-wrap  uagb-infobox-icon-left uagb-infobox-left uagb-infobox-stacked-tablet uagb-infobox-image-valign-middle\"><div class=\"uagb-ifb-image-content\"><img decoding=\"async\" src=\"http:\/\/alerta.mapbiomas.org\/wp-content\/uploads\/sites\/17\/2024\/03\/Acessa_e_Baixar_Laudos_Tutoriais-e1710853552710.png\" alt=\"\" width=\"\" height=\"0\" loading=\"lazy\"\/><\/div><div class=\"uagb-ifb-content\"><div class=\"uagb-ifb-title-wrap\"><h3 class=\"uagb-ifb-title\"><br>Como acessar e baixar laudos na plataforma MapBiomas Alerta<\/h3><\/div><p class=\"uagb-ifb-desc\">Aprenda a acessar e baixar laudos na plataforma<\/p><\/div><\/div>\n<\/div>\n<\/div><a class=\"spectra-container-link-overlay\" rel=\"noopener\" href=\"https:\/\/www.youtube.com\/embed\/O062D3lu2OA\"> <\/a><\/div>\n\n\n\n<p><\/p>\n\n\n\n<p><\/p>\n\n\n\n<p><\/p>\n\n\n\n<p><\/p>\n\n\n\n<p><\/p>\n\n\n\n<p><\/p>\n\n\n\n<p><\/p>\n\n\n\n<p><\/p>\n\n\n\n<p><\/p>\n\n\n\n<p><\/p>\n\n\n\n<p><\/p>\n\n\n\n<p><\/p>\n\n\n\n<p><\/p>\n\n\n\n<p><\/p>\n\n\n\n<p><\/p>\n\n\n\n<p><\/p>\n\n\n\n<p><\/p>\n\n\n\n<p><\/p>\n\n\n\n<p><\/p>\n\n\n\n<p><\/p>\n\n\n\n<p><\/p>\n\n\n\n<p><\/p>\n\n\n\n<p><\/p>\n\n\n\n<p><\/p>\n\n\n\n<p><\/p>\n\n\n\n<p><\/p>\n\n\n\n<p><\/p>\n\n\n\n<p><\/p>\n\n\n\n<p><\/p>\n\n\n\n<p><\/p>\n\n\n\n<p><\/p>\n\n\n\n<p><\/p>\n\n\n\n<p><\/p>\n\n\n\n<p><\/p>\n\n\n\n<p><\/p>\n\n\n\n<p><\/p>\n\n\n\n<p><\/p>\n\n\n\n<p><\/p>\n\n\n\n<p><\/p>\n\n\n\n<p><\/p>\n\n\n\n<p><\/p>\n\n\n\n<p><\/p>\n\n\n\n<p><\/p>\n\n\n\n<p><\/p>\n\n\n\n<p><\/p>\n<\/div>\n\n\n\n<div class=\"wp-block-uagb-tabs-child uagb-tabs__body-container uagb-inner-tab-1 alert-theme\" aria-labelledby=\"uagb-tabs__tab1\">\n<div class=\"wp-block-uagb-container uagb-block-e56b081f alignfull uagb-is-root-container\"><div class=\"uagb-container-inner-blocks-wrap\">\n<div class=\"wp-block-uagb-container uagb-block-b8ee7d52\">\n<div class=\"wp-block-uagb-info-box uagb-block-f9f77557 uagb-infobox__content-wrap  uagb-infobox-icon-left uagb-infobox-left uagb-infobox-stacked-tablet uagb-infobox-image-valign-middle\"><div class=\"uagb-ifb-image-content\"><img decoding=\"async\" src=\"http:\/\/alerta.mapbiomas.org\/wp-content\/uploads\/sites\/17\/2024\/10\/image-e1730139071971.jpg\" alt=\"\" width=\"\" height=\"0\" loading=\"lazy\"\/><\/div><div class=\"uagb-ifb-content\"><div class=\"uagb-ifb-title-wrap\"><h3 class=\"uagb-ifb-title\">Search for alerts with information voluntarily provided by users<\/h3><\/div><p class=\"uagb-ifb-desc\">The 'report authorization' tool allows users to voluntarily add authorization files or terms of commitment to specific alerts. Learn how to search for alert reports that have information voluntarily reported by users on the MapBiomas Alerta platform.<\/p><\/div><\/div>\n<\/div>\n<\/div><a class=\"spectra-container-link-overlay\" rel=\"noopener\" href=\"http:\/\/alerta.mapbiomas.org\/wp-content\/uploads\/sites\/17\/2024\/10\/2024-EN-Tutorial_SEARCH_ALERT_USER_REPORT.pdf\"> <\/a><\/div>\n\n\n\n<div class=\"wp-block-uagb-container uagb-block-8026bc74 alignfull uagb-is-root-container\"><div class=\"uagb-container-inner-blocks-wrap\">\n<div class=\"wp-block-uagb-container uagb-block-0ecd94bd\">\n<div class=\"wp-block-uagb-info-box uagb-block-30c6df6f uagb-infobox__content-wrap  uagb-infobox-icon-left uagb-infobox-left uagb-infobox-stacked-tablet uagb-infobox-image-valign-middle\"><div class=\"uagb-ifb-image-content\"><img decoding=\"async\" src=\"http:\/\/alerta.mapbiomas.org\/wp-content\/uploads\/sites\/17\/2024\/03\/PT-BR_Tutorial_CustomizacaodeLaudos_MapBiomasAlerta.png\" alt=\"\" width=\"\" height=\"0\" loading=\"lazy\"\/><\/div><div class=\"uagb-ifb-content\"><div class=\"uagb-ifb-title-wrap\"><h3 class=\"uagb-ifb-title\">Customiza\u00e7\u00e3o de Laudos<\/h3><\/div><p class=\"uagb-ifb-desc\">O laudo customizado \u00e9 uma funcionalidade dispon\u00edvel para institui\u00e7\u00f5es e usu\u00e1rios institucionais cadastrados na plataforma do MapBiomas Alerta. Aprenda a personalizar os laudos do MapBiomas.<\/p><\/div><\/div>\n<\/div>\n<\/div><a class=\"spectra-container-link-overlay\" rel=\"noopener\" href=\"http:\/\/alerta.mapbiomas.org\/wp-content\/uploads\/sites\/17\/2024\/03\/2023-PT-Tutorial_Customizacao_de_Laudos_MapBiomasAlerta.pdf\"> <\/a><\/div>\n\n\n\n<div class=\"wp-block-uagb-container uagb-block-e81a4c34 alignfull uagb-is-root-container\"><div class=\"uagb-container-inner-blocks-wrap\">\n<div class=\"wp-block-uagb-container uagb-block-088c10aa\">\n<div class=\"wp-block-uagb-info-box uagb-block-3fa629af uagb-infobox__content-wrap  uagb-infobox-icon-left uagb-infobox-left uagb-infobox-stacked-tablet uagb-infobox-image-valign-middle\"><div class=\"uagb-ifb-image-content\"><img decoding=\"async\" src=\"http:\/\/alerta.mapbiomas.org\/wp-content\/uploads\/sites\/17\/2024\/03\/EN-Tutorial_TerritoriosDeInteresse.png\" alt=\"\" width=\"\" height=\"0\" loading=\"lazy\"\/><\/div><div class=\"uagb-ifb-content\"><div class=\"uagb-ifb-title-wrap\"><h3 class=\"uagb-ifb-title\">Territ\u00f3rios de Interesse<\/h3><\/div><p class=\"uagb-ifb-desc\">A fun\u00e7\u00e3o Territ\u00f3rios de Interesse permite a sele\u00e7\u00e3o de territ\u00f3rios geogr\u00e1ficos personalizados para a busca e consulta de alertas na plataforma do MapBiomas Alerta. Aprenda a selecionar territ\u00f3rios espec\u00edficos para an\u00e1lise.<\/p><\/div><\/div>\n<\/div>\n<\/div><a class=\"spectra-container-link-overlay\" rel=\"noopener\" href=\"http:\/\/alerta.mapbiomas.org\/wp-content\/uploads\/sites\/17\/2024\/03\/2023-PT-Tutorial_Territorios_de_interesse.pdf\"> <\/a><\/div>\n\n\n\n<div class=\"wp-block-uagb-container uagb-block-4052ce24 alignfull uagb-is-root-container\"><div class=\"uagb-container-inner-blocks-wrap\">\n<div class=\"wp-block-uagb-container uagb-block-f7639c00\">\n<div class=\"wp-block-uagb-info-box uagb-block-274dcc4b uagb-infobox__content-wrap  uagb-infobox-icon-left uagb-infobox-left uagb-infobox-stacked-tablet uagb-infobox-image-valign-middle\"><div class=\"uagb-ifb-image-content\"><img decoding=\"async\" src=\"http:\/\/alerta.mapbiomas.org\/wp-content\/uploads\/sites\/17\/2024\/03\/img_downloads__2_-e1710854945535.png\" alt=\"\" width=\"\" height=\"0\" loading=\"lazy\"\/><\/div><div class=\"uagb-ifb-content\"><div class=\"uagb-ifb-title-wrap\"><h3 class=\"uagb-ifb-title\">Download de laudos em lote<\/h3><\/div><p class=\"uagb-ifb-desc\">A op\u00e7\u00e3o de download em lote dos laudos dos alerta \u00e9 uma funcionalidade dispon\u00edvel para institui\u00e7\u00f5es e usu\u00e1rios institucionais cadastrados na plataforma MapBiomas Alerta. Aprenda a usar a funcionalidade por meio do tutorial.<\/p><\/div><\/div>\n<\/div>\n<\/div><a class=\"spectra-container-link-overlay\" rel=\"noopener\" href=\"http:\/\/alerta.mapbiomas.org\/wp-content\/uploads\/sites\/17\/2024\/03\/2023-PT-Tutorial_Gerador_de_laudos_em_lote__1_.pdf\"> <\/a><\/div>\n\n\n\n<div class=\"wp-block-uagb-container uagb-block-8fba12cb alignfull uagb-is-root-container\"><div class=\"uagb-container-inner-blocks-wrap\">\n<div class=\"wp-block-uagb-container uagb-block-5a8d083b\">\n<div class=\"wp-block-uagb-info-box uagb-block-9044503e uagb-infobox__content-wrap  uagb-infobox-icon-left uagb-infobox-left uagb-infobox-stacked-tablet uagb-infobox-image-valign-middle\"><div class=\"uagb-ifb-image-content\"><img decoding=\"async\" src=\"http:\/\/alerta.mapbiomas.org\/wp-content\/uploads\/sites\/17\/2024\/03\/Tutorial_Alerta-Busca_Coordenada_1-e1710854896667.png\" alt=\"\" width=\"\" height=\"0\" loading=\"lazy\"\/><\/div><div class=\"uagb-ifb-content\"><div class=\"uagb-ifb-title-wrap\"><h3 class=\"uagb-ifb-title\">Busca por Coordenada<\/h3><\/div><p class=\"uagb-ifb-desc\">Aprenda a fazer buscas e gerar laudos a partir de coordenadas geogr\u00e1ficas.<\/p><\/div><\/div>\n<\/div>\n<\/div><a class=\"spectra-container-link-overlay\" rel=\"noopener\" href=\"http:\/\/alerta.mapbiomas.org\/wp-content\/uploads\/sites\/17\/2024\/03\/2023-PT-Tutorial_Busca_por_coordenada_MapBiomasAlerta.pdf\"> <\/a><\/div>\n<\/div>\n<\/div><\/div>","protected":false},"excerpt":{"rendered":"","protected":false},"author":2,"featured_media":0,"parent":0,"menu_order":0,"comment_status":"closed","ping_status":"closed","template":"","meta":{"_uag_custom_page_level_css":""},"acf":[],"uagb_featured_image_src":{"full":false,"thumbnail":false,"medium":false,"medium_large":false,"large":false,"1536x1536":false,"2048x2048":false,"trp-custom-language-flag":false,"infographic":false,"team":false},"uagb_author_info":{"display_name":"Adriel Fernandes","author_link":"https:\/\/alerta.mapbiomas.org\/en\/author\/adriel-fernandes\/"},"uagb_comment_info":0,"uagb_excerpt":null,"_links":{"self":[{"href":"https:\/\/alerta.mapbiomas.org\/en\/wp-json\/wp\/v2\/pages\/172"}],"collection":[{"href":"https:\/\/alerta.mapbiomas.org\/en\/wp-json\/wp\/v2\/pages"}],"about":[{"href":"https:\/\/alerta.mapbiomas.org\/en\/wp-json\/wp\/v2\/types\/page"}],"author":[{"embeddable":true,"href":"https:\/\/alerta.mapbiomas.org\/en\/wp-json\/wp\/v2\/users\/2"}],"replies":[{"embeddable":true,"href":"https:\/\/alerta.mapbiomas.org\/en\/wp-json\/wp\/v2\/comments?post=172"}],"version-history":[{"count":88,"href":"https:\/\/alerta.mapbiomas.org\/en\/wp-json\/wp\/v2\/pages\/172\/revisions"}],"predecessor-version":[{"id":1472,"href":"https:\/\/alerta.mapbiomas.org\/en\/wp-json\/wp\/v2\/pages\/172\/revisions\/1472"}],"wp:attachment":[{"href":"https:\/\/alerta.mapbiomas.org\/en\/wp-json\/wp\/v2\/media?parent=172"}],"curies":[{"name":"wp","href":"https:\/\/api.w.org\/{rel}","templated":true}]}}